{"id":1370,"date":"2022-10-14T12:27:02","date_gmt":"2022-10-14T10:27:02","guid":{"rendered":"https:\/\/sampay-ne.com\/?page_id=1370"},"modified":"2022-10-14T12:27:04","modified_gmt":"2022-10-14T10:27:04","slug":"privacy","status":"publish","type":"page","link":"https:\/\/sampay-ne.com\/index.php\/privacy\/","title":{"rendered":"Privacy"},"content":{"rendered":"\n<h2 class=\"wp-block-heading\">Politique de confidentialit\u00e9<\/h2>\n\n\n\n<p><strong>Ce document est \u00e0 jour des nouvelles r\u00e8gles issues du R\u00e8glement n\u00b0 2016\/679 du Parlement europ\u00e9en et du Conseil (RGPD) relatif \u00e0 la protection des donn\u00e9es \u00e0 caract\u00e8re personnel.<\/strong><\/p>\n\n\n\n<p>Une politique de confidentialit\u00e9 est un document qui d\u00e9finit&nbsp;<strong>de quelle mani\u00e8re les donn\u00e9es des personnes naviguant sur le site sont collect\u00e9es et trait\u00e9es<\/strong>. Les personnes naviguant sur le site sont nomm\u00e9es &#8220;utilisateurs&#8221;.<\/p>\n\n\n\n<p>Ce document compl\u00e8te les&nbsp;<a href=\"https:\/\/www.wonder.legal\/modele\/cgu-cgv-site\">Conditions G\u00e9n\u00e9rales d&#8217;Utilisation<\/a>&nbsp;d&#8217;un site internet.<\/p>\n\n\n\n<p><strong>Comment utiliser ce document&nbsp;?<\/strong><\/p>\n\n\n\n<p>Afin d&#8217;informer l&#8217;utilisateur quel est le sort r\u00e9serv\u00e9 \u00e0 ses donn\u00e9es, cette politique de confidentialit\u00e9 doit contenir plusieurs informations.<\/p>\n\n\n\n<p>Tout d&#8217;abord, elle doit exposer de quelle mani\u00e8re sont collect\u00e9es et trait\u00e9es leurs<strong>&nbsp;donn\u00e9es \u00e0 caract\u00e8re personnel<\/strong>, \u00e0 quelles finalit\u00e9s le traitement et la collecte des donn\u00e9es r\u00e9pond (c&#8217;est-\u00e0-dire, pourquoi les donn\u00e9es sont collect\u00e9es et trait\u00e9es). Elle doit, pour chaque traitement, pr\u00e9ciser<strong>&nbsp;la base l\u00e9gale<\/strong>&nbsp;sur laquelle s&#8217;appuie ce dernier et la&nbsp;<strong>dur\u00e9e de conservation<\/strong>&nbsp;pr\u00e9vue pour les donn\u00e9es collect\u00e9es.<\/p>\n\n\n\n<p>Doivent \u00eatre consid\u00e9r\u00e9es comme donn\u00e9es personnelles&nbsp;<strong>toutes les donn\u00e9es \u00e9tant susceptibles d&#8217;identifier un utilisateur<\/strong>. Il s&#8217;agit notamment du pr\u00e9nom et du nom, de l&#8217;\u00e2ge, de l&#8217;adresse postale, l&#8217;adresse mail, la localisation de l&#8217;utilisateur ou encore son adresse IP.<\/p>\n\n\n\n<p>Cette politique de confidentialit\u00e9 doit \u00e9noncer quels sont les&nbsp;<strong>droits des utilisateurs&nbsp;<\/strong>concernant ces donn\u00e9es (par exemple, le droit d&#8217;acc\u00e8s aux donn\u00e9es, droit \u00e0 la suppression de ses donn\u00e9es&#8230;), et quelles sont les proc\u00e9dures \u00e0 suivre afin de mettre en \u0153uvre ces droits. L&#8217;utilisateur doit notamment \u00eatre inform\u00e9 de la possibilit\u00e9 qui lui est offerte d&#8217;effectuer une r\u00e9clamation aupr\u00e8s de la CNIL.<\/p>\n\n\n\n<p>La politique de confidentialit\u00e9 doit \u00e9galement informer l&#8217;utilisateur de qui est&nbsp;<strong>responsable du traitement des donn\u00e9es<\/strong>&nbsp;\u00e0 caract\u00e8re personnel collect\u00e9es et trait\u00e9es. Il s&#8217;agit de la personne qui est charg\u00e9e de d\u00e9terminer les finalit\u00e9s et les moyens mis au service du traitement de ces donn\u00e9es. Les&nbsp;<strong>destinataires ou cat\u00e9gories de destinataires<\/strong>&nbsp;des donn\u00e9es personnelles collect\u00e9es doivent \u00eatre pr\u00e9cis\u00e9s.<\/p>\n\n\n\n<p>Dans le cas o\u00f9 un&nbsp;<strong>D\u00e9l\u00e9gu\u00e9 \u00e0 la Protection des Donn\u00e9es<\/strong>&nbsp;a \u00e9t\u00e9 nomm\u00e9, il est n\u00e9cessaire d&#8217;indiquer son identit\u00e9 directement dans ce document. Le r\u00f4le du D\u00e9l\u00e9gu\u00e9 \u00e0 la Protection des Donn\u00e9es est de s&#8217;assurer de la bonne mise en oeuvre des dispositions l\u00e9gales concernant la collecte et le traitement des donn\u00e9es \u00e0 caract\u00e8re personnel (il est parfois appel\u00e9 &#8220;DPO&#8221;, pour Data Protection Officer).<\/p>\n\n\n\n<p>Enfin, dans le cas o\u00f9 le site utilise des<strong>&nbsp;fichiers &#8220;cookies&#8221;<\/strong>, la politique de confidentialit\u00e9 doit pr\u00e9ciser quels sont les fichiers &#8220;cookies&#8221; utilis\u00e9s. Un &#8220;cookie&#8221; est un fichier de petite taille (moins de 4 ko), stock\u00e9 par le site sur le disque dur de l&#8217;utilisateur, contenant des informations relatives aux habitudes de navigation de l&#8217;utilisateur. Certains cookies ne peuvent \u00eatre d\u00e9pos\u00e9s sur le terminal de l&#8217;utilisateur qu&#8217;apr\u00e8s avoir recueilli son consentement. Lorsque de tels cookies sont utilis\u00e9s par le site internet, il convient d&#8217;informer l&#8217;utilisateur sur la mani\u00e8re dont il peut, \u00e0 tout moment, retirer son consentement au d\u00e9p\u00f4t de cookies.<\/p>\n\n\n\n<p>La politique de confidentialit\u00e9&nbsp;<strong>doit \u00eatre facilement accessible aux utilisateurs&nbsp;<\/strong>sur le site&nbsp;: elle peut appara\u00eetre lors de la premi\u00e8re visite de l&#8217;utilisateur, ou bien directement en bas de page sur le site internet par exemple.<\/p>\n\n\n\n<p><strong>Le droit applicable<\/strong><\/p>\n\n\n\n<p>Le r\u00e8glement europ\u00e9en 2016\/679 du Parlement europ\u00e9en et du Conseil, et notamment l&#8217;article 13&nbsp;;<br>La Loi n\u00b0 2004-575 du 21 juin 2004 pour la confiance dans l&#8217;\u00e9conomie num\u00e9rique et notamment l&#8217;article 6&nbsp;;<br>La Loi n\u00b0 78-17 du 6 janvier 1978 relative \u00e0 l&#8217;informatique, aux fichiers et aux libert\u00e9s modifi\u00e9e par la LOI n\u00b0 2018-493 du 20 juin 2018 relative \u00e0 la protection des donn\u00e9es personnelles pour les questions de traitement de donn\u00e9es \u00e0 caract\u00e8re personnel.<\/p>\n\n\n\n<p><strong>Aide d&#8217;un avocat<\/strong><\/p>\n\n\n\n<p>Vous pourrez choisir de&nbsp;<strong>consulter un avocat si vous avez besoin d&#8217;aide.<\/strong><\/p>\n\n\n\n<p>L&#8217;avocat pourra r\u00e9pondre \u00e0 vos questions ou vous aider dans vos d\u00e9marches. Cette option vous sera propos\u00e9e \u00e0 la fin du document.<\/p>\n\n\n\n<p><strong>Comment modifier le mod\u00e8le&nbsp;?<\/strong><\/p>\n\n\n\n<p>Vous remplissez un formulaire. Le document se r\u00e9dige sous vos yeux au fur et \u00e0 mesure de vos r\u00e9ponses.<\/p>\n\n\n\n<p>A la fin, vous le recevez gratuitement aux formats&nbsp;<strong>Word et PDF<\/strong>. Vous pouvez le&nbsp;<strong>modifier<\/strong>&nbsp;et le&nbsp;<strong>r\u00e9utiliser<\/strong>.<\/p>\n\n\n\n<p><a href=\"https:\/\/www.wonder.legal\/fr\/creation-modele\/politique-confidentialite\">Remplir le mod\u00e8le (GRATUIT)<\/a><\/p>\n\n\n\n<p><strong>Un guide pour vous aider&nbsp;:<\/strong>&nbsp;<a href=\"https:\/\/www.wonder.legal\/fr\/guide\/commerce-site-internet-conforme-rgpd\">E-commerce : mon site internet est-il conforme au RGPD ?<\/a><\/p>\n\n\n\n<p><strong>Autres noms pour le document&nbsp;:&nbsp;<\/strong>D\u00e9claration de confidentialit\u00e9 RGPD, Politique de confidentialit\u00e9 RGPD, Politique de confidentialit\u00e9 et utilisation des cookies, Politique de confidentialit\u00e9 conforme au R\u00e8glement 2016\/679, Politique de confidentialit\u00e9 conforme au RGPD<\/p>\n\n\n\n<p><strong>Pays&nbsp;:<\/strong>&nbsp;France<\/p>\n\n\n\n<h2 class=\"wp-block-heading\">Propri\u00e9t\u00e9 intellectuelle et nouvelles technologies &#8211; Autres mod\u00e8les de documents juridiques \u00e0 t\u00e9l\u00e9charger<\/h2>\n\n\n\n<ul><li><a href=\"https:\/\/www.wonder.legal\/fr\/modele\/mentions-legales-site-internet\">Mentions l\u00e9gales pour un site internet<\/a><\/li><li><a href=\"https:\/\/www.wonder.legal\/fr\/modele\/contrat-cession-marque\">Contrat de cession de marque<\/a><\/li><li><a href=\"https:\/\/www.wonder.legal\/fr\/modele\/accord-coexistence-marques\">Accord de coexistence de marques<\/a><\/li><li><a href=\"https:\/\/www.wonder.legal\/fr\/modele\/cession-droit-image-fr\">Cession de droit \u00e0 l&#8217;image<\/a><\/li><li><a href=\"https:\/\/www.wonder.legal\/fr\/modele\/contrat-cession-droits-auteur\">Contrat de cession de droits d&#8217;auteur<\/a><\/li><li><a href=\"https:\/\/www.wonder.legal\/fr\/modele\/conditions-generales-vente-utilisation-site-internet\">Conditions g\u00e9n\u00e9rales (de vente ou d&#8217;utilisation) d&#8217;un site internet<\/a><\/li><li><a href=\"https:\/\/www.wonder.legal\/fr\/modele\/contrat-conception-site-web\">Contrat de conception d&#8217;un site web<\/a><\/li><li><a href=\"https:\/\/www.wonder.legal\/fr\/modele\/lettre-demande-dereferencement\">Lettre de demande de d\u00e9r\u00e9f\u00e9rencement<\/a><\/li><li><a href=\"https:\/\/www.wonder.legal\/fr\/modele\/contrat-licence-marque\">Contrat de licence de marque<\/a><\/li><li><a href=\"https:\/\/www.wonder.legal\/fr\/modele\/contrat-commande-oeuvre\">Contrat de commande d&#8217;une cr\u00e9ation<\/a><\/li><\/ul>\n","protected":false},"excerpt":{"rendered":"<p>Politique de confidentialit\u00e9 Ce document est \u00e0 jour des nouvelles r\u00e8gles &#8230; <\/p>\n","protected":false},"author":1,"featured_media":0,"parent":0,"menu_order":0,"comment_status":"closed","ping_status":"closed","template":"","meta":[],"_links":{"self":[{"href":"https:\/\/sampay-ne.com\/index.php\/wp-json\/wp\/v2\/pages\/1370"}],"collection":[{"href":"https:\/\/sampay-ne.com\/index.php\/wp-json\/wp\/v2\/pages"}],"about":[{"href":"https:\/\/sampay-ne.com\/index.php\/wp-json\/wp\/v2\/types\/page"}],"author":[{"embeddable":true,"href":"https:\/\/sampay-ne.com\/index.php\/wp-json\/wp\/v2\/users\/1"}],"replies":[{"embeddable":true,"href":"https:\/\/sampay-ne.com\/index.php\/wp-json\/wp\/v2\/comments?post=1370"}],"version-history":[{"count":1,"href":"https:\/\/sampay-ne.com\/index.php\/wp-json\/wp\/v2\/pages\/1370\/revisions"}],"predecessor-version":[{"id":1372,"href":"https:\/\/sampay-ne.com\/index.php\/wp-json\/wp\/v2\/pages\/1370\/revisions\/1372"}],"wp:attachment":[{"href":"https:\/\/sampay-ne.com\/index.php\/wp-json\/wp\/v2\/media?parent=1370"}],"curies":[{"name":"wp","href":"https:\/\/api.w.org\/{rel}","templated":true}]}}