{"id":1403,"date":"2023-09-01T13:13:23","date_gmt":"2023-09-01T11:13:23","guid":{"rendered":"https:\/\/sampay-ne.com\/?page_id=1403"},"modified":"2024-08-02T20:02:47","modified_gmt":"2024-08-02T18:02:47","slug":"qui-sommes-nous","status":"publish","type":"page","link":"https:\/\/sampay-ne.com\/index.php\/qui-sommes-nous\/","title":{"rendered":"Qui sommes nous?"},"content":{"rendered":"<section class=\"wpb-content-wrapper\"><p>[vc_row][vc_column][vc_custom_heading text=&#8221;Pr\u00e9sentation de Sampay&#8221; font_container=&#8221;tag:h2|text_align:center|color:%234f5cde&#8221; use_theme_fonts=&#8221;yes&#8221;][\/vc_column][\/vc_row][vc_row][vc_column][\/vc_column][\/vc_row][vc_row][vc_column][vc_column_text]<\/p>\n<div class=\"et_pb_column et_pb_column_1_2 et_pb_column_1 et_pb_css_mix_blend_mode_passthrough\">\n<div class=\"et_pb_module et_pb_text et_pb_text_1 et_pb_text_align_left et_pb_bg_layout_light\">\n<div class=\"et_pb_text_inner\">\n<p style=\"text-align: center;\">\nBienvenue chez Sampay, la startup FINTECH leader dans l\u2019interop\u00e9rabilit\u00e9 et l\u2019infrastructure de paiement au Niger. Nous sommes fiers de travailler avec tous les acteurs de l\u2019industrie financi\u00e8re en Afrique et dans le monde\u00a0 pour founir \u00e0 nos clients des services financiers irr\u00e9prochables.<\/p>\n<p style=\"text-align: center;\">Nous sommes pr\u00e9sents\u00a0 au S\u00e9n\u00e9gal, au Burkina Faso, en C\u00f4te d&#8217;ivoire, en France et au Niger.<\/p>\n<\/div>\n<\/div>\n<\/div>\n<p>[\/vc_column_text][\/vc_column][\/vc_row]<\/p>\n<\/section>","protected":false},"excerpt":{"rendered":"<p>[vc_row][vc_column][vc_custom_heading text=&#8221;Pr\u00e9sentation de Sampay&#8221; font_container=&#8221;tag:h2|text_align:center|color:%234f5cde&#8221; use_theme_fonts=&#8221;yes&#8221;][\/vc_column][\/vc_row][vc_row][vc_column][\/vc_column][\/vc_row][vc_row][vc_column][vc_column_text] Bienvenue chez Sampay, la startup &#8230; <\/p>\n","protected":false},"author":1,"featured_media":0,"parent":0,"menu_order":0,"comment_status":"closed","ping_status":"closed","template":"","meta":[],"_links":{"self":[{"href":"https:\/\/sampay-ne.com\/index.php\/wp-json\/wp\/v2\/pages\/1403"}],"collection":[{"href":"https:\/\/sampay-ne.com\/index.php\/wp-json\/wp\/v2\/pages"}],"about":[{"href":"https:\/\/sampay-ne.com\/index.php\/wp-json\/wp\/v2\/types\/page"}],"author":[{"embeddable":true,"href":"https:\/\/sampay-ne.com\/index.php\/wp-json\/wp\/v2\/users\/1"}],"replies":[{"embeddable":true,"href":"https:\/\/sampay-ne.com\/index.php\/wp-json\/wp\/v2\/comments?post=1403"}],"version-history":[{"count":5,"href":"https:\/\/sampay-ne.com\/index.php\/wp-json\/wp\/v2\/pages\/1403\/revisions"}],"predecessor-version":[{"id":1507,"href":"https:\/\/sampay-ne.com\/index.php\/wp-json\/wp\/v2\/pages\/1403\/revisions\/1507"}],"wp:attachment":[{"href":"https:\/\/sampay-ne.com\/index.php\/wp-json\/wp\/v2\/media?parent=1403"}],"curies":[{"name":"wp","href":"https:\/\/api.w.org\/{rel}","templated":true}]}}