{"id":1415,"date":"2023-09-01T14:56:45","date_gmt":"2023-09-01T12:56:45","guid":{"rendered":"https:\/\/sampay-ne.com\/?page_id=1415"},"modified":"2023-09-01T18:19:23","modified_gmt":"2023-09-01T16:19:23","slug":"recharge-mobile","status":"publish","type":"page","link":"https:\/\/sampay-ne.com\/index.php\/recharge-mobile\/","title":{"rendered":"Recharge mobile"},"content":{"rendered":"<section class=\"wpb-content-wrapper\"><p>[vc_row][vc_column width=&#8221;1\/2&#8243;][vc_empty_space][vc_empty_space][vc_custom_heading text=&#8221;Envoyez des cr\u00e9dits de communication \u00e0 vos relations dans 133 Pays du monde&#8221; font_container=&#8221;tag:h2|text_align:center|color:%234f5cde&#8221; use_theme_fonts=&#8221;yes&#8221;][vc_column_text]Rechargez i,stantan\u00e9ment un t\u00e9l\u00e9phone portable o\u00f9 que vous soyez\u00a0 depuis votre compte Sampay.[\/vc_column_text][vc_btn title=&#8221;Commencez&#8221; color=&#8221;warning&#8221; align=&#8221;center&#8221; link=&#8221;url:https%3A%2F%2Fapps.sampay-ne.com%2Flogin&#8221;][\/vc_column][vc_column width=&#8221;1\/2&#8243;][vc_single_image image=&#8221;1443&#8243; img_size=&#8221;full&#8221; alignment=&#8221;right&#8221;][\/vc_column][\/vc_row][vc_row][vc_column][vc_custom_heading text=&#8221;Recharge mobile pour vos parents et connaissances.Faites plaisir \u00e0 vos proches.&#8221; font_container=&#8221;tag:h2|text_align:center|color:%234f5cde&#8221; use_theme_fonts=&#8221;yes&#8221;][\/vc_column][\/vc_row][vc_row][vc_column width=&#8221;1\/3&#8243;][vc_row_inner][vc_column_inner][vc_custom_heading text=&#8221;590 Op\u00e9rateurs mobiles&#8221; font_container=&#8221;tag:h2|font_size:30|text_align:center|color:%234f5cde&#8221; use_theme_fonts=&#8221;yes&#8221;][vc_single_image image=&#8221;1446&#8243; alignment=&#8221;center&#8221;][vc_column_text]<\/p>\n<p style=\"text-align: center;\">Gr\u00e2ce \u00e0 notre partenariat avec 590 op\u00e9rateurs t\u00e9l\u00e9phoniques de part le monde , Vous pourrez vous procurer des cr\u00e9dits t\u00e9l\u00e9phoniques et Data en toute confiance.<\/p>\n<p>[\/vc_column_text][\/vc_column_inner][\/vc_row_inner][\/vc_column][vc_column width=&#8221;1\/3&#8243;][vc_row_inner][vc_column_inner][vc_custom_heading text=&#8221;Recharge instantan\u00e9e&#8221; font_container=&#8221;tag:h2|font_size:30|text_align:center|color:%234f5cde&#8221; use_theme_fonts=&#8221;yes&#8221;][vc_single_image image=&#8221;1448&#8243; alignment=&#8221;center&#8221;][vc_column_text]<\/p>\n<p style=\"text-align: center;\">Le b\u00e9n\u00e9ficiaire re\u00e7oit instantan\u00e9ment le cr\u00e9dit de communication sur son num\u00e9ro de t\u00e9l\u00e9phone. Pour certaines raisons cela peut \u00eatre retard\u00e9.<\/p>\n<p>[\/vc_column_text][\/vc_column_inner][\/vc_row_inner][\/vc_column][vc_column width=&#8221;1\/3&#8243;][vc_row_inner][vc_column_inner][vc_custom_heading text=&#8221;Disponible 24h\/24&#8243; font_container=&#8221;tag:h2|font_size:30|text_align:center|color:%234f5cde&#8221; use_theme_fonts=&#8221;yes&#8221;][vc_single_image image=&#8221;1449&#8243; alignment=&#8221;center&#8221;][vc_column_text]<\/p>\n<p style=\"text-align: center;\">Le service est disponible H24? ne soyez plus \u00e0 cours de cr\u00e9dits de communication.<\/p>\n<p>[\/vc_column_text][\/vc_column_inner][\/vc_row_inner][\/vc_column][\/vc_row][vc_row full_width=&#8221;stretch_row_content&#8221;][vc_column][\/vc_column][\/vc_row][vc_row][vc_column][vc_single_image image=&#8221;1451&#8243; img_size=&#8221;full&#8221; alignment=&#8221;center&#8221;][\/vc_column][\/vc_row]<\/p>\n<\/section>","protected":false},"excerpt":{"rendered":"<p>[vc_row][vc_column width=&#8221;1\/2&#8243;][vc_empty_space][vc_empty_space][vc_custom_heading text=&#8221;Envoyez des cr\u00e9dits de communication \u00e0 vos relations dans &#8230; <\/p>\n","protected":false},"author":1,"featured_media":0,"parent":0,"menu_order":0,"comment_status":"closed","ping_status":"closed","template":"","meta":[],"_links":{"self":[{"href":"https:\/\/sampay-ne.com\/index.php\/wp-json\/wp\/v2\/pages\/1415"}],"collection":[{"href":"https:\/\/sampay-ne.com\/index.php\/wp-json\/wp\/v2\/pages"}],"about":[{"href":"https:\/\/sampay-ne.com\/index.php\/wp-json\/wp\/v2\/types\/page"}],"author":[{"embeddable":true,"href":"https:\/\/sampay-ne.com\/index.php\/wp-json\/wp\/v2\/users\/1"}],"replies":[{"embeddable":true,"href":"https:\/\/sampay-ne.com\/index.php\/wp-json\/wp\/v2\/comments?post=1415"}],"version-history":[{"count":6,"href":"https:\/\/sampay-ne.com\/index.php\/wp-json\/wp\/v2\/pages\/1415\/revisions"}],"predecessor-version":[{"id":1452,"href":"https:\/\/sampay-ne.com\/index.php\/wp-json\/wp\/v2\/pages\/1415\/revisions\/1452"}],"wp:attachment":[{"href":"https:\/\/sampay-ne.com\/index.php\/wp-json\/wp\/v2\/media?parent=1415"}],"curies":[{"name":"wp","href":"https:\/\/api.w.org\/{rel}","templated":true}]}}